{"id":229896,"date":"2025-04-29T21:00:44","date_gmt":"2025-04-30T02:00:44","guid":{"rendered":"https:\/\/www.funhogar.org\/?page_id=229896"},"modified":"2025-04-30T14:07:16","modified_gmt":"2025-04-30T19:07:16","slug":"galeria","status":"publish","type":"page","link":"https:\/\/www.funhogar.org\/index.php\/galeria\/","title":{"rendered":"Galer\u00eda"},"content":{"rendered":"<p>[et_pb_section fb_built=&#8221;1&#8243; fullwidth=&#8221;on&#8221; _builder_version=&#8221;4.21.0&#8243; _module_preset=&#8221;default&#8221; global_colors_info=&#8221;{}&#8221;][et_pb_fullwidth_slider _builder_version=&#8221;4.21.0&#8243; _module_preset=&#8221;default&#8221; global_colors_info=&#8221;{}&#8221;][et_pb_slide button_text=&#8221;Donar Ahora&#8221; use_bg_overlay=&#8221;on&#8221; bg_overlay_color=&#8221;rgba(0,0,0,0.7)&#8221; _builder_version=&#8221;4.21.0&#8243; _module_preset=&#8221;default&#8221; background_enable_color=&#8221;off&#8221; background_image=&#8221;https:\/\/www.funhogar.org\/wp-content\/uploads\/2023\/06\/13.jpg&#8221; background_enable_image=&#8221;on&#8221; custom_button=&#8221;on&#8221; button_icon=&#8221;&#x35;||divi||400&#8243; global_colors_info=&#8221;{}&#8221; sticky_transition=&#8221;on&#8221;]<\/p>\n<h1 style=\"font-size: 60px;\"><strong> Galer\u00eda<\/strong><\/h1>\n<p>[\/et_pb_slide][\/et_pb_fullwidth_slider][\/et_pb_section][et_pb_section fb_built=&#8221;1&#8243; custom_padding_last_edited=&#8221;on|desktop&#8221; admin_label=&#8221;Section&#8221; _builder_version=&#8221;4.16&#8243; background_color=&#8221;#f9f9f9&#8243; custom_padding_tablet=&#8221;50px|0|50px|0&#8243; custom_padding_phone=&#8221;&#8221; transparent_background=&#8221;off&#8221; padding_mobile=&#8221;off&#8221; make_fullwidth=&#8221;off&#8221; use_custom_width=&#8221;off&#8221; width_unit=&#8221;on&#8221; global_colors_info=&#8221;{}&#8221;][et_pb_row _builder_version=&#8221;4.21.0&#8243; _module_preset=&#8221;default&#8221; min_height=&#8221;59.6px&#8221; custom_margin=&#8221;-28px|auto||auto||&#8221; custom_padding=&#8221;0px||0px|||&#8221; global_colors_info=&#8221;{}&#8221;][et_pb_column type=&#8221;4_4&#8243; _builder_version=&#8221;4.21.0&#8243; _module_preset=&#8221;default&#8221; global_colors_info=&#8221;{}&#8221;][et_pb_cta title=&#8221;Categor\u00edas&#8221; admin_label=&#8221;Call To Action&#8221; _builder_version=&#8221;4.21.0&#8243; header_level=&#8221;h3&#8243; header_font=&#8221;|700|||||||&#8221; header_text_color=&#8221;#454545&#8243; header_font_size=&#8221;36&#8243; header_line_height=&#8221;1.4em&#8221; body_font=&#8221;||||||||&#8221; body_text_color=&#8221;#888888&#8243; body_font_size=&#8221;18&#8243; body_line_height=&#8221;1.4em&#8221; use_background_color=&#8221;off&#8221; background_size=&#8221;initial&#8221; background_position=&#8221;top_left&#8221; background_repeat=&#8221;repeat&#8221; custom_margin=&#8221;||||false|false&#8221; custom_margin_tablet=&#8221;||||false|false&#8221; custom_margin_phone=&#8221;&#8221; custom_margin_last_edited=&#8221;on|desktop&#8221; custom_padding=&#8221;||||false|false&#8221; custom_padding_last_edited=&#8221;off|phone&#8221; header_font_size_tablet=&#8221;&#8221; header_font_size_phone=&#8221;&#8221; header_font_size_last_edited=&#8221;on|desktop&#8221; button_letter_spacing_hover=&#8221;0&#8243; use_border_color=&#8221;off&#8221; border_color=&#8221;#ffffff&#8221; border_style=&#8221;solid&#8221; global_colors_info=&#8221;{}&#8221; button_text_size__hover_enabled=&#8221;off&#8221; button_one_text_size__hover_enabled=&#8221;off&#8221; button_two_text_size__hover_enabled=&#8221;off&#8221; button_text_color__hover_enabled=&#8221;off&#8221; button_one_text_color__hover_enabled=&#8221;off&#8221; button_two_text_color__hover_enabled=&#8221;off&#8221; button_border_width__hover_enabled=&#8221;off&#8221; button_one_border_width__hover_enabled=&#8221;off&#8221; button_two_border_width__hover_enabled=&#8221;off&#8221; button_border_color__hover_enabled=&#8221;off&#8221; button_one_border_color__hover_enabled=&#8221;off&#8221; button_two_border_color__hover_enabled=&#8221;off&#8221; button_border_radius__hover_enabled=&#8221;off&#8221; button_one_border_radius__hover_enabled=&#8221;off&#8221; button_two_border_radius__hover_enabled=&#8221;off&#8221; button_letter_spacing__hover_enabled=&#8221;on&#8221; button_letter_spacing__hover=&#8221;0&#8243; button_one_letter_spacing__hover_enabled=&#8221;off&#8221; button_two_letter_spacing__hover_enabled=&#8221;off&#8221; button_bg_color__hover_enabled=&#8221;off&#8221; button_one_bg_color__hover_enabled=&#8221;off&#8221; button_two_bg_color__hover_enabled=&#8221;off&#8221;]<\/p>\n<p style=\"text-align: center;\">En nuestra galer\u00eda, encontrar\u00e1s categor\u00edas que te transportar\u00e1 a un mundo de diversi\u00f3n y descubrimiento. Nos enfocamos en brindar experiencias enriquecedoras que fortalezcan las habilidades de nuestros beneficiarios. Perm\u00edtenos guiarte a trav\u00e9s de la categor\u00eda elegida para que puedas explorar algunas de las maravillas que ofrecemos<span><\/span><\/p>\n<p>[\/et_pb_cta][\/et_pb_column][\/et_pb_row][et_pb_row _builder_version=&#8221;4.21.0&#8243; _module_preset=&#8221;default&#8221; global_colors_info=&#8221;{}&#8221;][et_pb_column type=&#8221;4_4&#8243; _builder_version=&#8221;4.21.0&#8243; _module_preset=&#8221;default&#8221; global_colors_info=&#8221;{}&#8221;][et_pb_text _builder_version=&#8221;4.21.0&#8243; _module_preset=&#8221;default&#8221; custom_margin=&#8221;||2px|||&#8221; global_colors_info=&#8221;{}&#8221;]<\/p>\n<p><span style=\"color: #000000;\"><strong>Selecciona una categoria<\/strong><\/span><\/p>\n<p>[\/et_pb_text][difl_imagegallery filter_nav=&#8221;on&#8221; _builder_version=&#8221;4.21.0&#8243; _module_preset=&#8221;default&#8221; hover_enabled=&#8221;0&#8243; global_colors_info=&#8221;{}&#8221; sticky_enabled=&#8221;0&#8243; image_size=&#8221;original&#8221; filter_nav_all_button=&#8221;Todas&#8221; use_image_order=&#8221;on&#8221;][difl_imagegalleryitem gallery_title=&#8221;Nuestros Ni\u00f1os&#8221; _builder_version=&#8221;4.21.0&#8243; _module_preset=&#8221;default&#8221; hover_enabled=&#8221;0&#8243; global_colors_info=&#8221;{}&#8221; gallery_ids=&#8221;279559,279557,279558,279556,279541,279540,279522,279521,279520,279539,279538,279524,279523,33,229677,229678,229680,229883,279518,279519,28&#8243; sticky_enabled=&#8221;0&#8243;][\/difl_imagegalleryitem][difl_imagegalleryitem gallery_title=&#8221;Educaci\u00f3n y Desarrollo&#8221; _builder_version=&#8221;4.21.0&#8243; _module_preset=&#8221;default&#8221; hover_enabled=&#8221;0&#8243; global_colors_info=&#8221;{}&#8221; gallery_ids=&#8221;279555,279554,279553,279552,279551,279550,279549,279548,279547,279546,279532,34,279516,279533,279534,279517,279525,279535,279536,279526,279537,279527,279542,279528,279529,279543,279544,279530,26,29,279531,279545&#8243; sticky_enabled=&#8221;0&#8243;][\/difl_imagegalleryitem][difl_imagegalleryitem gallery_title=&#8221;Espiritualidad&#8221; _builder_version=&#8221;4.21.0&#8243; _module_preset=&#8221;default&#8221; hover_enabled=&#8221;0&#8243; global_colors_info=&#8221;{}&#8221; gallery_ids=&#8221;229777,32&#8243; sticky_enabled=&#8221;0&#8243;][\/difl_imagegalleryitem][difl_imagegalleryitem gallery_title=&#8221;Eventos y Comunidad&#8221; _builder_version=&#8221;4.21.0&#8243; _module_preset=&#8221;default&#8221; hover_enabled=&#8221;0&#8243; global_colors_info=&#8221;{}&#8221; gallery_ids=&#8221;279454,279453,279452,279451,229941,229776,229679,27,25&#8243; sticky_enabled=&#8221;0&#8243;][\/difl_imagegalleryitem][\/difl_imagegallery][\/et_pb_column][\/et_pb_row][\/et_pb_section]<\/p>\n","protected":false},"excerpt":{"rendered":"<p>Galer\u00edaEn nuestra galer\u00eda, encontrar\u00e1s categor\u00edas que te transportar\u00e1 a un mundo de diversi\u00f3n y descubrimiento. Nos enfocamos en brindar experiencias enriquecedoras que fortalezcan las habilidades de nuestros beneficiarios. Perm\u00edtenos guiarte a trav\u00e9s de la categor\u00eda elegida para que puedas explorar algunas de las maravillas que ofrecemosSelecciona una categoria<div class=\"et_pb_with_border et_pb_module difl_imagegallery difl_imagegallery_0\">\n\t\t\t\t\n\t\t\t\t\n\t\t\t\t\n\t\t\t\t\n\t\t\t\t\n\t\t\t\t\n\t\t\t\t<div class=\"et_pb_module_inner\">\n\t\t\t\t\t<div class=\"df_ig_container\" data-settings='{\"image_ids\":\"\",\"show_caption\":\"off\",\"show_description\":\"off\",\"image_size\":\"&#8221;original&#8221;\",\"filter_nav\":\"&#8221;on&#8221;\",\"layout_mode\":\"masonry\",\"load_more\":\"off\",\"init_count\":\"6\",\"image_count\":\"4\",\"use_lightbox\":\"off\",\"use_lightbox_content\":\"off\",\"use_lightbox_download\":\"off\",\"caption_tag\":\"h4\",\"description_tag\":\"p\",\"image_scale\":\"no-image-scale\",\"content_position\":\"c4-layout-top-left\",\"content_reveal_caption\":\"c4-fade-up\",\"content_reveal_description\":\"c4-fade-up\",\"border_anim\":\"off\",\"border_anm_style\":\"c4-border-fade\",\"always_show_title\":\"off\",\"always_show_description\":\"off\",\"use_url\":\"off\",\"url_target\":\"same_window\",\"overlay\":\"off\"}'>\r\n                \r\n                <div class=\"df_ig_gallery grid\" style=\"opacity:0;\">\r\n                    \r\n                <\/div>\r\n                \r\n            <\/div>\n\t\t\t\t<\/div>\n\t\t\t<\/div><\/p>\n","protected":false},"author":1,"featured_media":0,"parent":0,"menu_order":0,"comment_status":"closed","ping_status":"closed","template":"","meta":{"_et_pb_use_builder":"on","_et_pb_old_content":"","_et_gb_content_width":"","footnotes":""},"class_list":["post-229896","page","type-page","status-publish","hentry"],"_links":{"self":[{"href":"https:\/\/www.funhogar.org\/index.php\/wp-json\/wp\/v2\/pages\/229896","targetHints":{"allow":["GET"]}}],"collection":[{"href":"https:\/\/www.funhogar.org\/index.php\/wp-json\/wp\/v2\/pages"}],"about":[{"href":"https:\/\/www.funhogar.org\/index.php\/wp-json\/wp\/v2\/types\/page"}],"author":[{"embeddable":true,"href":"https:\/\/www.funhogar.org\/index.php\/wp-json\/wp\/v2\/users\/1"}],"replies":[{"embeddable":true,"href":"https:\/\/www.funhogar.org\/index.php\/wp-json\/wp\/v2\/comments?post=229896"}],"version-history":[{"count":15,"href":"https:\/\/www.funhogar.org\/index.php\/wp-json\/wp\/v2\/pages\/229896\/revisions"}],"predecessor-version":[{"id":279610,"href":"https:\/\/www.funhogar.org\/index.php\/wp-json\/wp\/v2\/pages\/229896\/revisions\/279610"}],"wp:attachment":[{"href":"https:\/\/www.funhogar.org\/index.php\/wp-json\/wp\/v2\/media?parent=229896"}],"curies":[{"name":"wp","href":"https:\/\/api.w.org\/{rel}","templated":true}]}}