{"id":229937,"date":"2023-06-09T22:26:30","date_gmt":"2023-06-10T03:26:30","guid":{"rendered":"https:\/\/www.funhogar.org\/?page_id=229937"},"modified":"2023-06-09T22:26:30","modified_gmt":"2023-06-10T03:26:30","slug":"contactanos","status":"publish","type":"page","link":"https:\/\/www.funhogar.org\/index.php\/contactanos\/","title":{"rendered":"Cont\u00e1ctanos"},"content":{"rendered":"<p>[et_pb_section fb_built=&#8221;1&#8243; fullwidth=&#8221;on&#8221; theme_builder_area=&#8221;post_content&#8221; _builder_version=&#8221;4.21.0&#8243; _module_preset=&#8221;default&#8221;][et_pb_fullwidth_slider _builder_version=&#8221;4.21.0&#8243; _module_preset=&#8221;default&#8221; theme_builder_area=&#8221;post_content&#8221; hover_enabled=&#8221;0&#8243; sticky_enabled=&#8221;0&#8243;][et_pb_slide button_text=&#8221;Donar Ahora&#8221; _builder_version=&#8221;4.21.0&#8243; _module_preset=&#8221;default&#8221; theme_builder_area=&#8221;post_content&#8221; background_enable_color=&#8221;off&#8221; title_text=&#8221;WhatsApp Image 2019-02-20 at 8.19.41 PM&#8221; background_image=&#8221;https:\/\/www.funhogar.org\/wp-content\/uploads\/2023\/06\/WhatsApp-Image-2019-02-20-at-8.19.41-PM.jpeg&#8221; background_enable_image=&#8221;on&#8221; hover_enabled=&#8221;0&#8243; sticky_enabled=&#8221;0&#8243; use_bg_overlay=&#8221;on&#8221; bg_overlay_color=&#8221;rgba(0,0,0,0.7)&#8221;]<\/p>\n<h1 style=\"font-size: 60px;\"><strong> Cont\u00e1ctanos<\/strong><\/h1>\n<p>[\/et_pb_slide][\/et_pb_fullwidth_slider][\/et_pb_section][et_pb_section fb_built=&#8221;1&#8243; specialty=&#8221;on&#8221; parallax_method_1=&#8221;off&#8221; admin_label=&#8221;Section&#8221; _builder_version=&#8221;4.16&#8243; custom_padding=&#8221;107px||0px|||&#8221; custom_padding_tablet=&#8221;107px||166px|&#8221; hover_enabled=&#8221;0&#8243; transparent_background=&#8221;off&#8221; padding_mobile=&#8221;on&#8221; make_fullwidth=&#8221;off&#8221; use_custom_width=&#8221;off&#8221; width_unit=&#8221;on&#8221; global_colors_info=&#8221;{}&#8221; theme_builder_area=&#8221;post_content&#8221; sticky_enabled=&#8221;0&#8243; background_enable_color=&#8221;off&#8221; min_height=&#8221;379.3px&#8221;][et_pb_column type=&#8221;1_2&#8243; specialty_columns=&#8221;2&#8243; _builder_version=&#8221;4.16&#8243; custom_padding=&#8221;|||&#8221; global_colors_info=&#8221;{}&#8221; custom_padding__hover=&#8221;|||&#8221; theme_builder_area=&#8221;post_content&#8221;][et_pb_row_inner padding_mobile=&#8221;off&#8221; use_custom_gutter=&#8221;on&#8221; gutter_width=&#8221;4&#8243; column_padding_mobile=&#8221;on&#8221; admin_label=&#8221;Row&#8221; _builder_version=&#8221;4.16&#8243; global_colors_info=&#8221;{}&#8221; theme_builder_area=&#8221;post_content&#8221;][et_pb_column_inner saved_specialty_column_type=&#8221;1_2&#8243; _builder_version=&#8221;4.16&#8243; custom_padding=&#8221;|||&#8221; global_colors_info=&#8221;{}&#8221; custom_padding__hover=&#8221;|||&#8221; theme_builder_area=&#8221;post_content&#8221;][et_pb_text admin_label=&#8221;Text&#8221; _builder_version=&#8221;4.21.0&#8243; text_font=&#8221;||||||||&#8221; text_text_color=&#8221;#202020&#8243; text_font_size=&#8221;36&#8243; text_line_height=&#8221;1.4em&#8221; background_size=&#8221;initial&#8221; background_position=&#8221;top_left&#8221; background_repeat=&#8221;repeat&#8221; max_width=&#8221;480px&#8221; hover_enabled=&#8221;0&#8243; use_border_color=&#8221;off&#8221; border_color=&#8221;#ffffff&#8221; border_style=&#8221;solid&#8221; global_colors_info=&#8221;{}&#8221; theme_builder_area=&#8221;post_content&#8221; sticky_enabled=&#8221;0&#8243; text_orientation=&#8221;center&#8221;]<\/p>\n<p class=\"p1\"><strong>\u00bfTienes alguna pregunta, inquietud o sugerencia que nos quieras compartir?\u00a0<\/strong><\/p>\n<p>[\/et_pb_text][et_pb_text _builder_version=&#8221;4.21.0&#8243; _module_preset=&#8221;default&#8221; theme_builder_area=&#8221;post_content&#8221; text_orientation=&#8221;justified&#8221; hover_enabled=&#8221;0&#8243; sticky_enabled=&#8221;0&#8243; text_font_size=&#8221;20px&#8221;]<\/p>\n<p><span>En nuestro compromiso por brindar apoyo y mejorar la vida de ni\u00f1os y j\u00f3venes, estamos aqu\u00ed para escucharte y ayudarte en todo lo que podamos. Valoramos tu opini\u00f3n y nos encantar\u00eda conocer tus ideas para seguir mejorando nuestro trabajo.<\/span><\/p>\n<p>[\/et_pb_text][\/et_pb_column_inner][\/et_pb_row_inner][\/et_pb_column][et_pb_column type=&#8221;1_2&#8243; _builder_version=&#8221;4.16&#8243; custom_padding=&#8221;|||&#8221; global_colors_info=&#8221;{}&#8221; custom_padding__hover=&#8221;|||&#8221; theme_builder_area=&#8221;post_content&#8221;][et_pb_code _builder_version=&#8221;4.21.0&#8243; _module_preset=&#8221;default&#8221; theme_builder_area=&#8221;post_content&#8221; hover_enabled=&#8221;0&#8243; sticky_enabled=&#8221;0&#8243; min_height=&#8221;550px&#8221;]<div class=\"forminator-ui forminator-custom-form forminator-custom-form-229936 forminator-design--default  forminator_ajax\" data-forminator-render=\"0\" data-form=\"forminator-module-229936\" data-uid=\"69f54051dab21\"><br\/><\/div><form\n\t\t\t\tid=\"forminator-module-229936\"\n\t\t\t\tclass=\"forminator-ui forminator-custom-form forminator-custom-form-229936 forminator-design--default  forminator_ajax\"\n\t\t\t\tmethod=\"post\"\n\t\t\t\tdata-forminator-render=\"0\"\n\t\t\t\tdata-form-id=\"229936\"\n\t\t\t\t data-color-option=\"default\" data-design=\"default\" data-grid=\"open\" style=\"display: none;\"\n\t\t\t\tdata-uid=\"69f54051dab21\"\n\t\t\t><div role=\"alert\" aria-live=\"polite\" class=\"forminator-response-message forminator-error\" aria-hidden=\"true\"><\/div><div class=\"forminator-row\"><div id=\"name-1\" class=\"forminator-field-name forminator-col forminator-col-12 \"><div class=\"forminator-field\"><label for=\"forminator-field-name-1_69f54051dab21\" id=\"forminator-field-name-1_69f54051dab21-label\" class=\"forminator-label\">Nombre <span class=\"forminator-required\">*<\/span><\/label><input type=\"text\" name=\"name-1\" value=\"\" placeholder=\"Ejemplo: Juan\" id=\"forminator-field-name-1_69f54051dab21\" class=\"forminator-input forminator-name--field\" aria-required=\"true\" autocomplete=\"name\" \/><\/div><\/div><\/div><div class=\"forminator-row\"><div id=\"email-1\" class=\"forminator-field-email forminator-col forminator-col-12 \"><div class=\"forminator-field\"><label for=\"forminator-field-email-1_69f54051dab21\" id=\"forminator-field-email-1_69f54051dab21-label\" class=\"forminator-label\">Correo electr\u00f3nico <span class=\"forminator-required\">*<\/span><\/label><input type=\"email\" name=\"email-1\" value=\"\" placeholder=\"Ej . : john@gmail.com\" id=\"forminator-field-email-1_69f54051dab21\" class=\"forminator-input forminator-email--field\" data-required=\"true\" aria-required=\"true\" autocomplete=\"email\" \/><\/div><\/div><\/div><div class=\"forminator-row\"><div id=\"phone-1\" class=\"forminator-field-phone forminator-col forminator-col-12 \"><div class=\"forminator-field\"><label for=\"forminator-field-phone-1_69f54051dab21\" id=\"forminator-field-phone-1_69f54051dab21-label\" class=\"forminator-label\">N\u00famero de tel\u00e9fono<\/label><input type=\"text\" name=\"phone-1\" value=\"\" placeholder=\"Ejemplo: +57 3004005000\" id=\"forminator-field-phone-1_69f54051dab21\" class=\"forminator-input forminator-field--phone\" data-required=\"\" aria-required=\"false\" autocomplete=\"off\" \/><\/div><\/div><\/div><div class=\"forminator-row\"><div id=\"textarea-1\" class=\"forminator-field-textarea forminator-col forminator-col-12 \"><div class=\"forminator-field\"><label for=\"forminator-field-textarea-1_69f54051dab21\" id=\"forminator-field-textarea-1_69f54051dab21-label\" class=\"forminator-label\">Mensaje <span class=\"forminator-required\">*<\/span><\/label><textarea name=\"textarea-1\" placeholder=\"Introduce tu mensaje...\" id=\"forminator-field-textarea-1_69f54051dab21\" class=\"forminator-textarea\" rows=\"6\" style=\"min-height:140px;\" maxlength=\"180\" ><\/textarea><span id=\"forminator-field-textarea-1_69f54051dab21-description\" class=\"forminator-description\"><span data-limit=\"180\" data-type=\"characters\" data-editor=\"\">0 \/ 180<\/span><\/span><\/div><\/div><\/div><input type=\"hidden\" name=\"referer_url\" value=\"\" \/><div class=\"forminator-row forminator-row-last\"><div class=\"forminator-col\"><div class=\"forminator-field\"><button class=\"forminator-button forminator-button-submit enviar\">Enviar mensaje<\/button><\/div><\/div><\/div><input type=\"hidden\" id=\"forminator_nonce\" name=\"forminator_nonce\" value=\"5df9e3294a\" \/><input type=\"hidden\" name=\"_wp_http_referer\" value=\"\/index.php\/wp-json\/wp\/v2\/pages\/229937\" \/><input type=\"hidden\" name=\"form_id\" value=\"229936\"><input type=\"hidden\" name=\"page_id\" value=\"229937\"><input type=\"hidden\" name=\"form_type\" value=\"default\"><input type=\"hidden\" name=\"current_url\" value=\"https:\/\/www.funhogar.org\/index.php\/contactanos\/\"><input type=\"hidden\" name=\"render_id\" value=\"0\"><input type=\"hidden\" name=\"action\" value=\"forminator_submit_form_custom-forms\"><\/form>[\/et_pb_code][\/et_pb_column][\/et_pb_section][et_pb_section fb_built=&#8221;1&#8243; fullwidth=&#8221;on&#8221; theme_builder_area=&#8221;post_content&#8221; _builder_version=&#8221;4.21.0&#8243; _module_preset=&#8221;default&#8221;][et_pb_fullwidth_code _builder_version=&#8221;4.21.0&#8243; _module_preset=&#8221;default&#8221; theme_builder_area=&#8221;post_content&#8221; hover_enabled=&#8221;0&#8243; sticky_enabled=&#8221;0&#8243;]<iframe src=\"https:\/\/www.google.com\/maps\/embed?pb=!1m18!1m12!1m3!1d3966.74534165683!2d-75.64028352412345!3d6.1648486272253775!2m3!1f0!2f0!3f0!3m2!1i1024!2i768!4f13.1!3m3!1m2!1s0x8e4681417fd5f27d%3A0x4305fce0ac5c512a!2sFundaci%C3%B3n%20Hogar%20del%20Ni%C3%B1o!5e0!3m2!1ses!2sco!4v1686364443005!5m2!1ses!2sco\" width=\"100%\" height=\"400\" style=\"border:0;\" allowfullscreen=\"\" loading=\"lazy\" referrerpolicy=\"no-referrer-when-downgrade\"><\/iframe>[\/et_pb_fullwidth_code][\/et_pb_section]<\/p>\n","protected":false},"excerpt":{"rendered":"<p>Cont\u00e1ctanos\u00bfTienes alguna pregunta, inquietud o sugerencia que nos quieras compartir?\u00a0En nuestro compromiso por brindar apoyo y mejorar la vida de ni\u00f1os y j\u00f3venes, estamos aqu\u00ed para escucharte y ayudarte en todo lo que podamos. Valoramos tu opini\u00f3n y nos encantar\u00eda conocer tus ideas para seguir mejorando nuestro trabajo.<div class=\"forminator-ui forminator-custom-form forminator-custom-form-229936 forminator-design--default  forminator_ajax\" data-forminator-render=\"1\" data-form=\"forminator-module-229936\" data-uid=\"69f5405242a27\"><br\/><\/div><form\n\t\t\t\tid=\"forminator-module-229936\"\n\t\t\t\tclass=\"forminator-ui forminator-custom-form forminator-custom-form-229936 forminator-design--default  forminator_ajax\"\n\t\t\t\tmethod=\"post\"\n\t\t\t\tdata-forminator-render=\"1\"\n\t\t\t\tdata-form-id=\"229936\"\n\t\t\t\t data-color-option=\"default\" data-design=\"default\" data-grid=\"open\" style=\"display: none;\"\n\t\t\t\tdata-uid=\"69f5405242a27\"\n\t\t\t><div role=\"alert\" aria-live=\"polite\" class=\"forminator-response-message forminator-error\" aria-hidden=\"true\"><\/div><div class=\"forminator-row\"><div id=\"name-1\" class=\"forminator-field-name forminator-col forminator-col-12 \"><div class=\"forminator-field\"><label for=\"forminator-field-name-1_69f5405242a27\" id=\"forminator-field-name-1_69f5405242a27-label\" class=\"forminator-label\">Nombre <span class=\"forminator-required\">*<\/span><\/label><input type=\"text\" name=\"name-1\" value=\"\" placeholder=\"Ejemplo: Juan\" id=\"forminator-field-name-1_69f5405242a27\" class=\"forminator-input forminator-name--field\" aria-required=\"true\" autocomplete=\"name\" \/><\/div><\/div><\/div><div class=\"forminator-row\"><div id=\"email-1\" class=\"forminator-field-email forminator-col forminator-col-12 \"><div class=\"forminator-field\"><label for=\"forminator-field-email-1_69f5405242a27\" id=\"forminator-field-email-1_69f5405242a27-label\" class=\"forminator-label\">Correo electr\u00f3nico <span class=\"forminator-required\">*<\/span><\/label><input type=\"email\" name=\"email-1\" value=\"\" placeholder=\"Ej . : john@gmail.com\" id=\"forminator-field-email-1_69f5405242a27\" class=\"forminator-input forminator-email--field\" data-required=\"true\" aria-required=\"true\" autocomplete=\"email\" \/><\/div><\/div><\/div><div class=\"forminator-row\"><div id=\"phone-1\" class=\"forminator-field-phone forminator-col forminator-col-12 \"><div class=\"forminator-field\"><label for=\"forminator-field-phone-1_69f5405242a27\" id=\"forminator-field-phone-1_69f5405242a27-label\" class=\"forminator-label\">N\u00famero de tel\u00e9fono<\/label><input type=\"text\" name=\"phone-1\" value=\"\" placeholder=\"Ejemplo: +57 3004005000\" id=\"forminator-field-phone-1_69f5405242a27\" class=\"forminator-input forminator-field--phone\" data-required=\"\" aria-required=\"false\" autocomplete=\"off\" \/><\/div><\/div><\/div><div class=\"forminator-row\"><div id=\"textarea-1\" class=\"forminator-field-textarea forminator-col forminator-col-12 \"><div class=\"forminator-field\"><label for=\"forminator-field-textarea-1_69f5405242a27\" id=\"forminator-field-textarea-1_69f5405242a27-label\" class=\"forminator-label\">Mensaje <span class=\"forminator-required\">*<\/span><\/label><textarea name=\"textarea-1\" placeholder=\"Introduce tu mensaje...\" id=\"forminator-field-textarea-1_69f5405242a27\" class=\"forminator-textarea\" rows=\"6\" style=\"min-height:140px;\" maxlength=\"180\" ><\/textarea><span id=\"forminator-field-textarea-1_69f5405242a27-description\" class=\"forminator-description\"><span data-limit=\"180\" data-type=\"characters\" data-editor=\"\">0 \/ 180<\/span><\/span><\/div><\/div><\/div><input type=\"hidden\" name=\"referer_url\" value=\"\" \/><div class=\"forminator-row forminator-row-last\"><div class=\"forminator-col\"><div class=\"forminator-field\"><button class=\"forminator-button forminator-button-submit enviar\">Enviar mensaje<\/button><\/div><\/div><\/div><input type=\"hidden\" id=\"forminator_nonce\" name=\"forminator_nonce\" value=\"5df9e3294a\" \/><input type=\"hidden\" name=\"_wp_http_referer\" value=\"\/index.php\/wp-json\/wp\/v2\/pages\/229937\" \/><input type=\"hidden\" name=\"form_id\" value=\"229936\"><input type=\"hidden\" name=\"page_id\" value=\"229937\"><input type=\"hidden\" name=\"form_type\" value=\"default\"><input type=\"hidden\" name=\"current_url\" value=\"https:\/\/www.funhogar.org\/index.php\/contactanos\/\"><input type=\"hidden\" name=\"render_id\" value=\"1\"><input type=\"hidden\" name=\"action\" value=\"forminator_submit_form_custom-forms\"><\/form><\/p>\n","protected":false},"author":1,"featured_media":0,"parent":0,"menu_order":0,"comment_status":"closed","ping_status":"closed","template":"","meta":{"_et_pb_use_builder":"on","_et_pb_old_content":"","_et_gb_content_width":"","footnotes":""},"class_list":["post-229937","page","type-page","status-publish","hentry"],"_links":{"self":[{"href":"https:\/\/www.funhogar.org\/index.php\/wp-json\/wp\/v2\/pages\/229937","targetHints":{"allow":["GET"]}}],"collection":[{"href":"https:\/\/www.funhogar.org\/index.php\/wp-json\/wp\/v2\/pages"}],"about":[{"href":"https:\/\/www.funhogar.org\/index.php\/wp-json\/wp\/v2\/types\/page"}],"author":[{"embeddable":true,"href":"https:\/\/www.funhogar.org\/index.php\/wp-json\/wp\/v2\/users\/1"}],"replies":[{"embeddable":true,"href":"https:\/\/www.funhogar.org\/index.php\/wp-json\/wp\/v2\/comments?post=229937"}],"version-history":[{"count":5,"href":"https:\/\/www.funhogar.org\/index.php\/wp-json\/wp\/v2\/pages\/229937\/revisions"}],"predecessor-version":[{"id":229948,"href":"https:\/\/www.funhogar.org\/index.php\/wp-json\/wp\/v2\/pages\/229937\/revisions\/229948"}],"wp:attachment":[{"href":"https:\/\/www.funhogar.org\/index.php\/wp-json\/wp\/v2\/media?parent=229937"}],"curies":[{"name":"wp","href":"https:\/\/api.w.org\/{rel}","templated":true}]}}