{"id":230003,"date":"2023-06-29T15:39:39","date_gmt":"2023-06-29T20:39:39","guid":{"rendered":"https:\/\/www.funhogar.org\/?page_id=230003"},"modified":"2024-07-02T17:20:39","modified_gmt":"2024-07-02T22:20:39","slug":"regimen2024","status":"publish","type":"page","link":"https:\/\/www.funhogar.org\/index.php\/regimen2024\/","title":{"rendered":"Regimen2023"},"content":{"rendered":"\n[et_pb_section fb_built=&#8221;1&#8243; _builder_version=&#8221;4.21.0&#8243; _module_preset=&#8221;default&#8221; global_colors_info=&#8221;{}&#8221;][et_pb_row _builder_version=&#8221;4.21.0&#8243; _module_preset=&#8221;default&#8221; global_colors_info=&#8221;{}&#8221;][et_pb_column type=&#8221;4_4&#8243; _builder_version=&#8221;4.21.0&#8243; _module_preset=&#8221;default&#8221; global_colors_info=&#8221;{}&#8221;][et_pb_text _builder_version=&#8221;4.21.0&#8243; _module_preset=&#8221;default&#8221; text_orientation=&#8221;center&#8221; global_colors_info=&#8221;{}&#8221;]<h1>Regimen Tributario Especial 2023<\/h1>\n<p>Aqui podr\u00e1 ver todos los documentos correspondientes seg\u00fan lo estipula la ley<\/p>[\/et_pb_text][\/et_pb_column][\/et_pb_row][et_pb_row column_structure=&#8221;1_4,1_4,1_4,1_4&#8243; _builder_version=&#8221;4.21.0&#8243; _module_preset=&#8221;default&#8221; global_colors_info=&#8221;{}&#8221;][et_pb_column type=&#8221;1_4&#8243; _builder_version=&#8221;4.21.0&#8243; _module_preset=&#8221;default&#8221; link_option_url=&#8221;https:\/\/www.funhogar.org\/wp-content\/uploads\/2024\/06\/CERTIFICADO-DE-ANTECEDENTES-JUDICIALES-2023.pdf&#8221; link_option_url_new_window=&#8221;on&#8221; border_radii=&#8221;on|10px|10px|10px|10px&#8221; border_width_all=&#8221;2px&#8221; border_color_all=&#8221;#000000&#8243; global_colors_info=&#8221;{}&#8221;][et_pb_icon font_icon=&#8221;&#xf516;||fa||900&#8243; icon_color=&#8221;#ff5733&#8243; font_icon_tablet=&#8221;\uf516||fa||900&#8243; font_icon_phone=&#8221;\uf516||fa||900&#8243; font_icon_last_edited=&#8221;on|desktop&#8221; _builder_version=&#8221;4.21.0&#8243; _module_preset=&#8221;default&#8221; global_colors_info=&#8221;{}&#8221;][\/et_pb_icon][et_pb_text _builder_version=&#8221;4.21.0&#8243; _module_preset=&#8221;default&#8221; text_font=&#8221;|||on|||||&#8221; text_orientation=&#8221;center&#8221; global_colors_info=&#8221;{}&#8221;]<h2><strong>Certificado de antecedentes judiciales<\/strong><\/h2>[\/et_pb_text][\/et_pb_column][et_pb_column type=&#8221;1_4&#8243; _builder_version=&#8221;4.21.0&#8243; _module_preset=&#8221;default&#8221; link_option_url=&#8221;https:\/\/www.funhogar.org\/wp-content\/uploads\/2024\/06\/CERTIFICADO-DE-NO-REMUNERACION-2023.pdf&#8221; link_option_url_new_window=&#8221;on&#8221; border_radii=&#8221;on|10px|10px|10px|10px&#8221; border_width_all=&#8221;2px&#8221; border_color_all=&#8221;#000000&#8243; global_colors_info=&#8221;{}&#8221;][et_pb_icon font_icon=&#8221;&#xe073;||fa||900&#8243; icon_color=&#8221;#ff5733&#8243; font_icon_tablet=&#8221;\ue073||fa||900&#8243; font_icon_phone=&#8221;\ue073||fa||900&#8243; font_icon_last_edited=&#8221;on|desktop&#8221; _builder_version=&#8221;4.21.0&#8243; _module_preset=&#8221;default&#8221; global_colors_info=&#8221;{}&#8221;][\/et_pb_icon][et_pb_text _builder_version=&#8221;4.21.0&#8243; _module_preset=&#8221;default&#8221; text_font=&#8221;|||on|||||&#8221; text_orientation=&#8221;center&#8221; width=&#8221;100%&#8221; global_colors_info=&#8221;{}&#8221;]<h2><strong>Certificado de no remuneraci\u00f3n<\/strong><\/h2>[\/et_pb_text][\/et_pb_column][et_pb_column type=&#8221;1_4&#8243; _builder_version=&#8221;4.21.0&#8243; _module_preset=&#8221;default&#8221; link_option_url=&#8221;https:\/\/www.funhogar.org\/wp-content\/uploads\/2024\/06\/CERTIFICADO-CUMPLIMIENTO-DE-REQUISITOS-2023.pdf&#8221; link_option_url_new_window=&#8221;on&#8221; border_radii=&#8221;on|10px|10px|10px|10px&#8221; border_width_all=&#8221;2px&#8221; border_color_all=&#8221;#000000&#8243; global_colors_info=&#8221;{}&#8221;][et_pb_icon font_icon=&#8221;&#xe0e6;||divi||400&#8243; icon_color=&#8221;#ff5733&#8243; font_icon_tablet=&#8221;\ue0e6||divi||400&#8243; font_icon_phone=&#8221;\ue0e6||divi||400&#8243; font_icon_last_edited=&#8221;on|desktop&#8221; _builder_version=&#8221;4.21.0&#8243; _module_preset=&#8221;default&#8221; global_colors_info=&#8221;{}&#8221;][\/et_pb_icon][et_pb_text _builder_version=&#8221;4.21.0&#8243; _module_preset=&#8221;default&#8221; text_font=&#8221;|||on|||||&#8221; text_orientation=&#8221;center&#8221; global_colors_info=&#8221;{}&#8221;]<h2><strong>Certificado de requisitos<\/strong><\/h2>[\/et_pb_text][\/et_pb_column][et_pb_column type=&#8221;1_4&#8243; _builder_version=&#8221;4.21.0&#8243; _module_preset=&#8221;default&#8221; link_option_url=&#8221;https:\/\/www.funhogar.org\/wp-content\/uploads\/2024\/06\/ESTADOS-FINANCIEROS-2023.pdf&#8221; link_option_url_new_window=&#8221;on&#8221; border_radii=&#8221;on|10px|10px|10px|10px&#8221; border_width_all=&#8221;2px&#8221; border_color_all=&#8221;#000000&#8243; global_colors_info=&#8221;{}&#8221;][et_pb_icon font_icon=&#8221;&#xf571;||fa||900&#8243; icon_color=&#8221;#ff5733&#8243; font_icon_tablet=&#8221;\uf571||fa||900&#8243; font_icon_phone=&#8221;\uf571||fa||900&#8243; font_icon_last_edited=&#8221;on|desktop&#8221; _builder_version=&#8221;4.21.0&#8243; _module_preset=&#8221;default&#8221; global_colors_info=&#8221;{}&#8221;][\/et_pb_icon][et_pb_text _builder_version=&#8221;4.21.0&#8243; _module_preset=&#8221;default&#8221; text_font=&#8221;|||on|||||&#8221; text_orientation=&#8221;center&#8221; global_colors_info=&#8221;{}&#8221;]<h2><strong>Estados financieros<\/strong><\/h2>[\/et_pb_text][\/et_pb_column][\/et_pb_row][et_pb_row column_structure=&#8221;1_3,1_3,1_3&#8243; _builder_version=&#8221;4.21.0&#8243; _module_preset=&#8221;default&#8221; global_colors_info=&#8221;{}&#8221;][et_pb_column type=&#8221;1_3&#8243; _builder_version=&#8221;4.21.0&#8243; _module_preset=&#8221;default&#8221; link_option_url=&#8221;https:\/\/www.funhogar.org\/wp-content\/uploads\/2024\/06\/FORMATO-2530-2023.pdf&#8221; link_option_url_new_window=&#8221;on&#8221; border_radii=&#8221;on|10px|10px|10px|10px&#8221; border_width_all=&#8221;2px&#8221; border_color_all=&#8221;#000000&#8243; global_colors_info=&#8221;{}&#8221;][et_pb_icon font_icon=&#8221;&#xf15c;||fa||400&#8243; icon_color=&#8221;#ff5733&#8243; font_icon_tablet=&#8221;\uf15c||fa||400&#8243; font_icon_phone=&#8221;\uf15c||fa||400&#8243; font_icon_last_edited=&#8221;on|desktop&#8221; _builder_version=&#8221;4.21.0&#8243; _module_preset=&#8221;default&#8221; global_colors_info=&#8221;{}&#8221;][\/et_pb_icon][et_pb_text _builder_version=&#8221;4.21.0&#8243; _module_preset=&#8221;default&#8221; text_font=&#8221;|||on|||||&#8221; text_font_size=&#8221;18px&#8221; text_orientation=&#8221;center&#8221; global_colors_info=&#8221;{}&#8221;]<h2><strong>Formato 2530<\/strong><\/h2>[\/et_pb_text][\/et_pb_column][et_pb_column type=&#8221;1_3&#8243; _builder_version=&#8221;4.21.0&#8243; _module_preset=&#8221;default&#8221; link_option_url=&#8221;https:\/\/www.funhogar.org\/wp-content\/uploads\/2024\/06\/FORMATO-2531-2023.pdf&#8221; link_option_url_new_window=&#8221;on&#8221; border_radii=&#8221;on|10px|10px|10px|10px&#8221; border_width_all=&#8221;2px&#8221; border_color_all=&#8221;#000000&#8243; global_colors_info=&#8221;{}&#8221;][et_pb_icon font_icon=&#8221;&#xf15c;||fa||400&#8243; icon_color=&#8221;#ff5733&#8243; font_icon_tablet=&#8221;\uf570||fa||900&#8243; font_icon_phone=&#8221;\uf570||fa||900&#8243; font_icon_last_edited=&#8221;on|desktop&#8221; _builder_version=&#8221;4.21.0&#8243; _module_preset=&#8221;default&#8221; global_colors_info=&#8221;{}&#8221;][\/et_pb_icon][et_pb_text _builder_version=&#8221;4.21.0&#8243; _module_preset=&#8221;default&#8221; text_font=&#8221;|||on|||||&#8221; text_orientation=&#8221;center&#8221; global_colors_info=&#8221;{}&#8221;]<h2><strong>Formato 2531<\/strong><\/h2>[\/et_pb_text][\/et_pb_column][et_pb_column type=&#8221;1_3&#8243; _builder_version=&#8221;4.21.0&#8243; _module_preset=&#8221;default&#8221; link_option_url=&#8221;https:\/\/www.funhogar.org\/wp-content\/uploads\/2024\/06\/FORMATO-5245-2023.pdf&#8221; link_option_url_new_window=&#8221;on&#8221; border_radii=&#8221;on|10px|10px|10px|10px&#8221; border_width_all=&#8221;2px&#8221; border_color_all=&#8221;#000000&#8243; global_colors_info=&#8221;{}&#8221;][et_pb_icon font_icon=&#8221;&#xf15c;||fa||400&#8243; icon_color=&#8221;#ff5733&#8243; font_icon_tablet=&#8221;\uf15c||fa||400&#8243; font_icon_phone=&#8221;\uf15c||fa||400&#8243; font_icon_last_edited=&#8221;on|desktop&#8221; _builder_version=&#8221;4.21.0&#8243; _module_preset=&#8221;default&#8221; global_colors_info=&#8221;{}&#8221;][\/et_pb_icon][et_pb_text _builder_version=&#8221;4.21.0&#8243; _module_preset=&#8221;default&#8221; text_font=&#8221;|||on|||||&#8221; text_font_size=&#8221;18px&#8221; text_orientation=&#8221;center&#8221; global_colors_info=&#8221;{}&#8221;]<h2><strong>Formato 5245<\/strong><\/h2>[\/et_pb_text][\/et_pb_column][\/et_pb_row][et_pb_row column_structure=&#8221;1_3,1_3,1_3&#8243; _builder_version=&#8221;4.21.0&#8243; _module_preset=&#8221;default&#8221; global_colors_info=&#8221;{}&#8221;][et_pb_column type=&#8221;1_3&#8243; _builder_version=&#8221;4.21.0&#8243; _module_preset=&#8221;default&#8221; link_option_url=&#8221;https:\/\/www.funhogar.org\/wp-content\/uploads\/2024\/06\/FORMATO-2532-2023.pdf&#8221; link_option_url_new_window=&#8221;on&#8221; border_radii=&#8221;on|10px|10px|10px|10px&#8221; border_width_all=&#8221;2px&#8221; border_color_all=&#8221;#000000&#8243; global_colors_info=&#8221;{}&#8221;][et_pb_icon font_icon=&#8221;&#xf15c;||fa||400&#8243; icon_color=&#8221;#ff5733&#8243; font_icon_tablet=&#8221;\uf15c||fa||400&#8243; font_icon_phone=&#8221;\uf15c||fa||400&#8243; font_icon_last_edited=&#8221;on|desktop&#8221; _builder_version=&#8221;4.21.0&#8243; _module_preset=&#8221;default&#8221; global_colors_info=&#8221;{}&#8221;][\/et_pb_icon][et_pb_text _builder_version=&#8221;4.21.0&#8243; _module_preset=&#8221;default&#8221; text_font=&#8221;|||on|||||&#8221; text_font_size=&#8221;18px&#8221; text_orientation=&#8221;center&#8221; global_colors_info=&#8221;{}&#8221;]<h2><strong>Formato 2532<\/strong><strong><\/strong><\/h2>[\/et_pb_text][\/et_pb_column][et_pb_column type=&#8221;1_3&#8243; _builder_version=&#8221;4.21.0&#8243; _module_preset=&#8221;default&#8221; link_option_url=&#8221;https:\/\/www.funhogar.org\/wp-content\/uploads\/2024\/06\/ACTA-ASAMBLEA-2023.pdf&#8221; link_option_url_new_window=&#8221;on&#8221; border_radii=&#8221;on|10px|10px|10px|10px&#8221; border_width_all=&#8221;2px&#8221; border_color_all=&#8221;#000000&#8243; global_colors_info=&#8221;{}&#8221;][et_pb_icon font_icon=&#8221;&#xf1b3;||fa||900&#8243; icon_color=&#8221;#ff5733&#8243; font_icon_tablet=&#8221;\uf570||fa||900&#8243; font_icon_phone=&#8221;\uf570||fa||900&#8243; font_icon_last_edited=&#8221;on|desktop&#8221; _builder_version=&#8221;4.21.0&#8243; _module_preset=&#8221;default&#8221; global_colors_info=&#8221;{}&#8221;][\/et_pb_icon][et_pb_text _builder_version=&#8221;4.21.0&#8243; _module_preset=&#8221;default&#8221; text_font=&#8221;|||on|||||&#8221; text_orientation=&#8221;center&#8221; global_colors_info=&#8221;{}&#8221;]<h2><strong>Acta Asamblea<\/strong><\/h2>[\/et_pb_text][\/et_pb_column][et_pb_column type=&#8221;1_3&#8243; _builder_version=&#8221;4.21.0&#8243; _module_preset=&#8221;default&#8221; link_option_url=&#8221;https:\/\/www.funhogar.org\/wp-content\/uploads\/2024\/06\/INFORME-DE-GESTION-2023.pdf&#8221; link_option_url_new_window=&#8221;on&#8221; border_radii=&#8221;on|10px|10px|10px|10px&#8221; border_width_all=&#8221;2px&#8221; border_color_all=&#8221;#000000&#8243; global_colors_info=&#8221;{}&#8221;][et_pb_icon font_icon=&#8221;&#xf080;||fa||900&#8243; icon_color=&#8221;#ff5733&#8243; font_icon_tablet=&#8221;\uf15c||fa||900&#8243; font_icon_phone=&#8221;\uf15c||fa||900&#8243; font_icon_last_edited=&#8221;on|desktop&#8221; _builder_version=&#8221;4.21.0&#8243; _module_preset=&#8221;default&#8221; global_colors_info=&#8221;{}&#8221;][\/et_pb_icon][et_pb_text _builder_version=&#8221;4.21.0&#8243; _module_preset=&#8221;default&#8221; text_font=&#8221;|||on|||||&#8221; text_orientation=&#8221;center&#8221; hover_enabled=&#8221;0&#8243; global_colors_info=&#8221;{}&#8221; sticky_enabled=&#8221;0&#8243;]<h2><strong>Informe de Gesti\u00f3n<\/strong><\/h2>[\/et_pb_text][\/et_pb_column][\/et_pb_row][\/et_pb_section]\n","protected":false},"excerpt":{"rendered":"<p>Regimen Tributario Especial 2023 Aqui podr\u00e1 ver todos los documentos correspondientes seg\u00fan lo estipula la leyCertificado de antecedentes judicialesCertificado de no remuneraci\u00f3nCertificado de requisitosEstados financierosFormato 2530Formato 2531Formato 5245Formato 2532Acta AsambleaInforme de Gesti\u00f3n<\/p>\n","protected":false},"author":1,"featured_media":0,"parent":0,"menu_order":0,"comment_status":"closed","ping_status":"closed","template":"","meta":{"_et_pb_use_builder":"on","_et_pb_old_content":"","_et_gb_content_width":"","footnotes":""},"class_list":["post-230003","page","type-page","status-publish","hentry"],"_links":{"self":[{"href":"https:\/\/www.funhogar.org\/index.php\/wp-json\/wp\/v2\/pages\/230003","targetHints":{"allow":["GET"]}}],"collection":[{"href":"https:\/\/www.funhogar.org\/index.php\/wp-json\/wp\/v2\/pages"}],"about":[{"href":"https:\/\/www.funhogar.org\/index.php\/wp-json\/wp\/v2\/types\/page"}],"author":[{"embeddable":true,"href":"https:\/\/www.funhogar.org\/index.php\/wp-json\/wp\/v2\/users\/1"}],"replies":[{"embeddable":true,"href":"https:\/\/www.funhogar.org\/index.php\/wp-json\/wp\/v2\/comments?post=230003"}],"version-history":[{"count":9,"href":"https:\/\/www.funhogar.org\/index.php\/wp-json\/wp\/v2\/pages\/230003\/revisions"}],"predecessor-version":[{"id":279509,"href":"https:\/\/www.funhogar.org\/index.php\/wp-json\/wp\/v2\/pages\/230003\/revisions\/279509"}],"wp:attachment":[{"href":"https:\/\/www.funhogar.org\/index.php\/wp-json\/wp\/v2\/media?parent=230003"}],"curies":[{"name":"wp","href":"https:\/\/api.w.org\/{rel}","templated":true}]}}